{"id":35,"date":"2024-11-05T19:54:57","date_gmt":"2024-11-05T19:54:57","guid":{"rendered":"https:\/\/homepage.dev.thril.fi\/tietosuojalaatikko\/"},"modified":"2025-11-25T15:16:12","modified_gmt":"2025-11-25T15:16:12","slug":"privacy-submission","status":"publish","type":"page","link":"https:\/\/thril.fi\/en\/privacy-submission\/","title":{"rendered":"Privacy question submission"},"content":{"rendered":"<div data-elementor-type=\"wp-page\" data-elementor-id=\"35\" class=\"elementor elementor-35\" data-elementor-post-type=\"page\">\n\t\t\t\t<div class=\"elementor-element elementor-element-d64d515 e-con-full e-flex e-con e-parent\" data-id=\"d64d515\" data-element_type=\"container\">\n\t\t\t\t<div class=\"elementor-element elementor-element-10328d7e elementor-widget elementor-widget-heading\" data-id=\"10328d7e\" data-element_type=\"widget\" data-widget_type=\"heading.default\">\n\t\t\t\t<div class=\"elementor-widget-container\">\n\t\t\t\t\t<h2 class=\"elementor-heading-title elementor-size-default\">Privacy question submission<\/h2>\t\t\t\t<\/div>\n\t\t\t\t<\/div>\n\t\t\t\t<\/div>\n\t\t<div class=\"elementor-element elementor-element-5acc4afc e-con-full e-flex e-con e-parent\" data-id=\"5acc4afc\" data-element_type=\"container\">\n\t\t<div class=\"elementor-element elementor-element-5267d6cd e-con-full e-flex e-con e-child\" data-id=\"5267d6cd\" data-element_type=\"container\">\n\t\t\t\t<div class=\"elementor-element elementor-element-4d834fdd elementor-widget elementor-widget-text-editor\" data-id=\"4d834fdd\" data-element_type=\"widget\" data-widget_type=\"text-editor.default\">\n\t\t\t\t<div class=\"elementor-widget-container\">\n\t\t\t\t\t\t\t\t\t<p>If you want to manage your data, send a privacy survey, or handle other privacy-related matters, you can do so using the form below.<\/p>\t\t\t\t\t\t\t\t<\/div>\n\t\t\t\t<\/div>\n\t\t\t\t<div class=\"elementor-element elementor-element-3723d350 elementor-button-align-stretch elementor-widget elementor-widget-form\" data-id=\"3723d350\" data-element_type=\"widget\" data-settings=\"{&quot;step_next_label&quot;:&quot;Seuraava&quot;,&quot;step_previous_label&quot;:&quot;Edellinen&quot;,&quot;step_icon_shape&quot;:&quot;rounded&quot;,&quot;button_width&quot;:&quot;100&quot;,&quot;step_type&quot;:&quot;number_text&quot;}\" data-widget_type=\"form.default\">\n\t\t\t\t<div class=\"elementor-widget-container\">\n\t\t\t\t\t\t\t<form class=\"elementor-form\" method=\"post\" name=\"tietosuojalaatikko\" aria-label=\"tietosuojalaatikko\" action=\"\">\n\t\t\t<input type=\"hidden\" name=\"post_id\" value=\"35\"\/>\n\t\t\t<input type=\"hidden\" name=\"form_id\" value=\"3723d350\"\/>\n\t\t\t<input type=\"hidden\" name=\"referer_title\" value=\"Tietosuojalaatikko\" \/>\n\n\t\t\t\t\t\t\t<input type=\"hidden\" name=\"queried_id\" value=\"35\"\/>\n\t\t\t\n\t\t\t<div class=\"elementor-form-fields-wrapper elementor-labels-above\">\n\t\t\t\t\t\t\t\t<div class=\"elementor-field-type-html elementor-field-group elementor-column elementor-field-group-field_2c18f79 elementor-col-100\">\n\t\t\t\t\tWe will get back to you.\t\t\t\t<\/div>\n\t\t\t\t\t\t\t\t<div class=\"elementor-field-type-text elementor-field-group elementor-column elementor-field-group-field_2eeabc5 elementor-col-50 elementor-field-required elementor-mark-required\">\n\t\t\t\t\t\t\t\t\t\t\t\t<label for=\"form-field-field_2eeabc5\" class=\"elementor-field-label\">\n\t\t\t\t\t\t\t\tName\t\t\t\t\t\t\t<\/label>\n\t\t\t\t\t\t\t\t\t\t\t\t\t\t<input size=\"1\" type=\"text\" name=\"form_fields[field_2eeabc5]\" id=\"form-field-field_2eeabc5\" class=\"elementor-field elementor-size-sm  elementor-field-textual\" placeholder=\"Elina Esimerkki\" required=\"required\">\n\t\t\t\t\t\t\t\t\t\t\t<\/div>\n\t\t\t\t\t\t\t\t<div class=\"elementor-field-type-email elementor-field-group elementor-column elementor-field-group-field_9b49fb0 elementor-col-50 elementor-field-required elementor-mark-required\">\n\t\t\t\t\t\t\t\t\t\t\t\t<label for=\"form-field-field_9b49fb0\" class=\"elementor-field-label\">\n\t\t\t\t\t\t\t\tEmail\t\t\t\t\t\t\t<\/label>\n\t\t\t\t\t\t\t\t\t\t\t\t\t\t<input size=\"1\" type=\"email\" name=\"form_fields[field_9b49fb0]\" id=\"form-field-field_9b49fb0\" class=\"elementor-field elementor-size-sm  elementor-field-textual\" placeholder=\"elina@thril.fi\" required=\"required\">\n\t\t\t\t\t\t\t\t\t\t\t<\/div>\n\t\t\t\t\t\t\t\t<div class=\"elementor-field-type-text elementor-field-group elementor-column elementor-field-group-field_c377d33 elementor-col-100 elementor-field-required elementor-mark-required\">\n\t\t\t\t\t\t\t\t\t\t\t\t<label for=\"form-field-field_c377d33\" class=\"elementor-field-label\">\n\t\t\t\t\t\t\t\tTopic\t\t\t\t\t\t\t<\/label>\n\t\t\t\t\t\t\t\t\t\t\t\t\t\t<input size=\"1\" type=\"text\" name=\"form_fields[field_c377d33]\" id=\"form-field-field_c377d33\" class=\"elementor-field elementor-size-sm  elementor-field-textual\" placeholder=\"Data protection question\" required=\"required\">\n\t\t\t\t\t\t\t\t\t\t\t<\/div>\n\t\t\t\t\t\t\t\t<div class=\"elementor-field-type-textarea elementor-field-group elementor-column elementor-field-group-field_4e91d59 elementor-col-100 elementor-field-required elementor-mark-required\">\n\t\t\t\t\t\t\t\t\t\t\t\t<label for=\"form-field-field_4e91d59\" class=\"elementor-field-label\">\n\t\t\t\t\t\t\t\tMessage\t\t\t\t\t\t\t<\/label>\n\t\t\t\t\t\t<textarea class=\"elementor-field-textual elementor-field  elementor-size-sm\" name=\"form_fields[field_4e91d59]\" id=\"form-field-field_4e91d59\" rows=\"6\" placeholder=\"Hi! I would like to request anonymization of my data ...\" required=\"required\"><\/textarea>\t\t\t\t<\/div>\n\t\t\t\t\t\t\t\t<div class=\"elementor-field-group elementor-column elementor-field-type-submit elementor-col-100 e-form__buttons\">\n\t\t\t\t\t<button class=\"elementor-button elementor-size-sm\" type=\"submit\">\n\t\t\t\t\t\t<span class=\"elementor-button-content-wrapper\">\n\t\t\t\t\t\t\t\t\t\t\t\t\t\t\t\t\t\t\t\t\t\t<span class=\"elementor-button-text\">Submit<\/span>\n\t\t\t\t\t\t\t\t\t\t\t\t\t<\/span>\n\t\t\t\t\t<\/button>\n\t\t\t\t<\/div>\n\t\t\t<\/div>\n\t\t<input type=\"hidden\" name=\"trp-form-language\" value=\"en\"\/><\/form>\n\t\t\t\t\t\t<\/div>\n\t\t\t\t<\/div>\n\t\t\t\t<\/div>\n\t\t<div class=\"elementor-element elementor-element-3d71530a e-con-full elementor-hidden-tablet elementor-hidden-mobile e-flex e-con e-child\" data-id=\"3d71530a\" data-element_type=\"container\">\n\t\t\t\t<div class=\"elementor-element elementor-element-89b6882 elementor-widget elementor-widget-heading\" data-id=\"89b6882\" data-element_type=\"widget\" data-widget_type=\"heading.default\">\n\t\t\t\t<div class=\"elementor-widget-container\">\n\t\t\t\t\t<div class=\"elementor-heading-title elementor-size-default\">\/<\/div>\t\t\t\t<\/div>\n\t\t\t\t<\/div>\n\t\t\t\t<\/div>\n\t\t<div class=\"elementor-element elementor-element-50fd83f9 e-con-full e-flex e-con e-child\" data-id=\"50fd83f9\" data-element_type=\"container\">\n\t\t\t\t<div class=\"elementor-element elementor-element-dd98ebe elementor-widget elementor-widget-text-editor\" data-id=\"dd98ebe\" data-element_type=\"widget\" data-widget_type=\"text-editor.default\">\n\t\t\t\t<div class=\"elementor-widget-container\">\n\t\t\t\t\t\t\t\t\t<p>If you have experienced inappropriate behavior on our platform or suspect abuse on the Thril platform, please leave a description of the situation below, and we will get back to you.<\/p>\t\t\t\t\t\t\t\t<\/div>\n\t\t\t\t<\/div>\n\t\t\t\t<div class=\"elementor-element elementor-element-3c285b62 elementor-button-align-stretch elementor-widget elementor-widget-form\" data-id=\"3c285b62\" data-element_type=\"widget\" data-settings=\"{&quot;step_next_label&quot;:&quot;Seuraava&quot;,&quot;step_previous_label&quot;:&quot;Edellinen&quot;,&quot;step_icon_shape&quot;:&quot;rounded&quot;,&quot;button_width&quot;:&quot;100&quot;,&quot;step_type&quot;:&quot;number_text&quot;}\" data-widget_type=\"form.default\">\n\t\t\t\t<div class=\"elementor-widget-container\">\n\t\t\t\t\t\t\t<form class=\"elementor-form\" method=\"post\" name=\"h\u00e4irint\u00e4laatikko\" aria-label=\"h\u00e4irint\u00e4laatikko\" action=\"\">\n\t\t\t<input type=\"hidden\" name=\"post_id\" value=\"35\"\/>\n\t\t\t<input type=\"hidden\" name=\"form_id\" value=\"3c285b62\"\/>\n\t\t\t<input type=\"hidden\" name=\"referer_title\" value=\"Tietosuojalaatikko\" \/>\n\n\t\t\t\t\t\t\t<input type=\"hidden\" name=\"queried_id\" value=\"35\"\/>\n\t\t\t\n\t\t\t<div class=\"elementor-form-fields-wrapper elementor-labels-above\">\n\t\t\t\t\t\t\t\t<div class=\"elementor-field-type-html elementor-field-group elementor-column elementor-field-group-field_56bd2e6 elementor-col-100\">\n\t\t\t\t\tYou can also submit this form anonymously.\t\t\t\t<\/div>\n\t\t\t\t\t\t\t\t<div class=\"elementor-field-type-text elementor-field-group elementor-column elementor-field-group-field_2eeabc5 elementor-col-50\">\n\t\t\t\t\t\t\t\t\t\t\t\t<label for=\"form-field-field_2eeabc5\" class=\"elementor-field-label\">\n\t\t\t\t\t\t\t\tName\t\t\t\t\t\t\t<\/label>\n\t\t\t\t\t\t\t\t\t\t\t\t\t\t<input size=\"1\" type=\"text\" name=\"form_fields[field_2eeabc5]\" id=\"form-field-field_2eeabc5\" class=\"elementor-field elementor-size-sm  elementor-field-textual\" placeholder=\"Elina Esimerkki\">\n\t\t\t\t\t\t\t\t\t\t\t<\/div>\n\t\t\t\t\t\t\t\t<div class=\"elementor-field-type-email elementor-field-group elementor-column elementor-field-group-field_9b49fb0 elementor-col-50\">\n\t\t\t\t\t\t\t\t\t\t\t\t<label for=\"form-field-field_9b49fb0\" class=\"elementor-field-label\">\n\t\t\t\t\t\t\t\tEmail\t\t\t\t\t\t\t<\/label>\n\t\t\t\t\t\t\t\t\t\t\t\t\t\t<input size=\"1\" type=\"email\" name=\"form_fields[field_9b49fb0]\" id=\"form-field-field_9b49fb0\" class=\"elementor-field elementor-size-sm  elementor-field-textual\" placeholder=\"elina@thril.fi\">\n\t\t\t\t\t\t\t\t\t\t\t<\/div>\n\t\t\t\t\t\t\t\t<div class=\"elementor-field-type-text elementor-field-group elementor-column elementor-field-group-field_c377d33 elementor-col-50 elementor-field-required elementor-mark-required\">\n\t\t\t\t\t\t\t\t\t\t\t\t<label for=\"form-field-field_c377d33\" class=\"elementor-field-label\">\n\t\t\t\t\t\t\t\tTopic\t\t\t\t\t\t\t<\/label>\n\t\t\t\t\t\t\t\t\t\t\t\t\t\t<input size=\"1\" type=\"text\" name=\"form_fields[field_c377d33]\" id=\"form-field-field_c377d33\" class=\"elementor-field elementor-size-sm  elementor-field-textual\" placeholder=\"Harassment\" required=\"required\">\n\t\t\t\t\t\t\t\t\t\t\t<\/div>\n\t\t\t\t\t\t\t\t<div class=\"elementor-field-type-text elementor-field-group elementor-column elementor-field-group-field_b5ad353 elementor-col-50 elementor-field-required elementor-mark-required\">\n\t\t\t\t\t\t\t\t\t\t\t\t<label for=\"form-field-field_b5ad353\" class=\"elementor-field-label\">\n\t\t\t\t\t\t\t\tRelevant parties\t\t\t\t\t\t\t<\/label>\n\t\t\t\t\t\t\t\t\t\t\t\t\t\t<input size=\"1\" type=\"text\" name=\"form_fields[field_b5ad353]\" id=\"form-field-field_b5ad353\" class=\"elementor-field elementor-size-sm  elementor-field-textual\" placeholder=\"@user, @user2, ...\" required=\"required\">\n\t\t\t\t\t\t\t\t\t\t\t<\/div>\n\t\t\t\t\t\t\t\t<div class=\"elementor-field-type-textarea elementor-field-group elementor-column elementor-field-group-field_4e91d59 elementor-col-100 elementor-field-required elementor-mark-required\">\n\t\t\t\t\t\t\t\t\t\t\t\t<label for=\"form-field-field_4e91d59\" class=\"elementor-field-label\">\n\t\t\t\t\t\t\t\tMessage\t\t\t\t\t\t\t<\/label>\n\t\t\t\t\t\t<textarea class=\"elementor-field-textual elementor-field  elementor-size-sm\" name=\"form_fields[field_4e91d59]\" id=\"form-field-field_4e91d59\" rows=\"6\" placeholder=\"Hello! I have experienced harassment from users @, at the event x ...\" required=\"required\"><\/textarea>\t\t\t\t<\/div>\n\t\t\t\t\t\t\t\t<div class=\"elementor-field-group elementor-column elementor-field-type-submit elementor-col-100 e-form__buttons\">\n\t\t\t\t\t<button class=\"elementor-button elementor-size-sm\" type=\"submit\">\n\t\t\t\t\t\t<span class=\"elementor-button-content-wrapper\">\n\t\t\t\t\t\t\t\t\t\t\t\t\t\t\t\t\t\t\t\t\t\t<span class=\"elementor-button-text\">Submit<\/span>\n\t\t\t\t\t\t\t\t\t\t\t\t\t<\/span>\n\t\t\t\t\t<\/button>\n\t\t\t\t<\/div>\n\t\t\t<\/div>\n\t\t<input type=\"hidden\" name=\"trp-form-language\" value=\"en\"\/><\/form>\n\t\t\t\t\t\t<\/div>\n\t\t\t\t<\/div>\n\t\t\t\t<\/div>\n\t\t\t\t<\/div>\n\t\t\t\t<\/div>","protected":false},"excerpt":{"rendered":"<p>Tietosuojalaatikko Mik\u00e4li haluat hallita tietojasi, l\u00e4hett\u00e4\u00e4 tietosuojakyselyn tai muuta tietosuojaan liittyv\u00e4\u00e4, voit tehd\u00e4 sen alla olevalla lomakkeella \/ Mik\u00e4li olet kokenut alustallamme sopimatonta k\u00e4yt\u00f6st\u00e4 tai koet v\u00e4\u00e4rink\u00e4yt\u00f6st\u00e4 Thril alustalla, j\u00e4t\u00e4 t\u00e4h\u00e4n alle kuvaus tilanteesta ja palaamme asiaan<\/p>","protected":false},"author":2,"featured_media":0,"parent":0,"menu_order":0,"comment_status":"closed","ping_status":"closed","template":"elementor_header_footer","meta":{"_seopress_robots_primary_cat":"","_seopress_titles_title":"%%sitetitle%% %%sep%% %%post_title%%","_seopress_titles_desc":"Thrilin tietosuoja ja k\u00e4ytt\u00e4j\u00e4tietojen suojaus \u2013 l\u00e4pin\u00e4kyv\u00e4sti, turvallisesti ja vastuullisesti urheilun digitaalisen alustan k\u00e4ytt\u00e4jille.","_seopress_robots_index":"","footnotes":""},"class_list":["post-35","page","type-page","status-publish","hentry"],"_links":{"self":[{"href":"https:\/\/thril.fi\/en\/wp-json\/wp\/v2\/pages\/35","targetHints":{"allow":["GET"]}}],"collection":[{"href":"https:\/\/thril.fi\/en\/wp-json\/wp\/v2\/pages"}],"about":[{"href":"https:\/\/thril.fi\/en\/wp-json\/wp\/v2\/types\/page"}],"author":[{"embeddable":true,"href":"https:\/\/thril.fi\/en\/wp-json\/wp\/v2\/users\/2"}],"replies":[{"embeddable":true,"href":"https:\/\/thril.fi\/en\/wp-json\/wp\/v2\/comments?post=35"}],"version-history":[{"count":1,"href":"https:\/\/thril.fi\/en\/wp-json\/wp\/v2\/pages\/35\/revisions"}],"predecessor-version":[{"id":7383,"href":"https:\/\/thril.fi\/en\/wp-json\/wp\/v2\/pages\/35\/revisions\/7383"}],"wp:attachment":[{"href":"https:\/\/thril.fi\/en\/wp-json\/wp\/v2\/media?parent=35"}],"curies":[{"name":"wp","href":"https:\/\/api.w.org\/{rel}","templated":true}]}}