{"id":38,"date":"2024-11-05T19:54:58","date_gmt":"2024-11-05T19:54:58","guid":{"rendered":"https:\/\/homepage.dev.thril.fi\/jata-palaute\/"},"modified":"2025-11-25T15:09:09","modified_gmt":"2025-11-25T15:09:09","slug":"leave-feedback","status":"publish","type":"page","link":"https:\/\/thril.fi\/en\/leave-feedback\/","title":{"rendered":"Leave feedback"},"content":{"rendered":"<div data-elementor-type=\"wp-page\" data-elementor-id=\"38\" class=\"elementor elementor-38\" data-elementor-post-type=\"page\">\n\t\t\t\t<div class=\"elementor-element elementor-element-3cec9d83 e-con-full e-flex e-con e-parent\" data-id=\"3cec9d83\" data-element_type=\"container\">\n\t\t\t\t<div class=\"elementor-element elementor-element-11d99107 elementor-widget elementor-widget-heading\" data-id=\"11d99107\" data-element_type=\"widget\" data-widget_type=\"heading.default\">\n\t\t\t\t<div class=\"elementor-widget-container\">\n\t\t\t\t\t<h2 class=\"elementor-heading-title elementor-size-default\">Feedback box<\/h2>\t\t\t\t<\/div>\n\t\t\t\t<\/div>\n\t\t<div class=\"elementor-element elementor-element-7d2ef48b e-flex e-con-boxed e-con e-child\" data-id=\"7d2ef48b\" data-element_type=\"container\">\n\t\t\t\t\t<div class=\"e-con-inner\">\n\t\t\t\t<div class=\"elementor-element elementor-element-7d8e0548 elementor-widget elementor-widget-text-editor\" data-id=\"7d8e0548\" data-element_type=\"widget\" data-widget_type=\"text-editor.default\">\n\t\t\t\t<div class=\"elementor-widget-container\">\n\t\t\t\t\t\t\t\t\t<p>Do you have an idea that could use a listening ear?<\/p><p>Leave your informal thoughts\/feedback using the form below or in Thril's WhatsApp Community!<\/p>\t\t\t\t\t\t\t\t<\/div>\n\t\t\t\t<\/div>\n\t\t\t\t<div class=\"elementor-element elementor-element-5402a9e elementor-widget elementor-widget-button\" data-id=\"5402a9e\" data-element_type=\"widget\" data-widget_type=\"button.default\">\n\t\t\t\t<div class=\"elementor-widget-container\">\n\t\t\t\t\t\t\t\t\t<div class=\"elementor-button-wrapper\">\n\t\t\t\t\t<a class=\"elementor-button elementor-button-link elementor-size-sm\" href=\"https:\/\/chat.whatsapp.com\/J9sYxA5cgC33GL63Id0lEB\">\n\t\t\t\t\t\t<span class=\"elementor-button-content-wrapper\">\n\t\t\t\t\t\t\t\t\t<span class=\"elementor-button-text\">Join the WhatsApp Community<\/span>\n\t\t\t\t\t<\/span>\n\t\t\t\t\t<\/a>\n\t\t\t\t<\/div>\n\t\t\t\t\t\t\t\t<\/div>\n\t\t\t\t<\/div>\n\t\t\t\t\t<\/div>\n\t\t\t\t<\/div>\n\t\t\t\t<\/div>\n\t\t<div class=\"elementor-element elementor-element-3518f167 e-con-full e-flex e-con e-parent\" data-id=\"3518f167\" data-element_type=\"container\">\n\t\t\t\t<div class=\"elementor-element elementor-element-6afa6308 elementor-button-align-stretch elementor-widget elementor-widget-form\" data-id=\"6afa6308\" data-element_type=\"widget\" id=\"join-form\" data-settings=\"{&quot;step_next_label&quot;:&quot;Seuraava&quot;,&quot;step_previous_label&quot;:&quot;Edellinen&quot;,&quot;step_icon_shape&quot;:&quot;rounded&quot;,&quot;button_width&quot;:&quot;100&quot;,&quot;step_type&quot;:&quot;number_text&quot;}\" data-widget_type=\"form.default\">\n\t\t\t\t<div class=\"elementor-widget-container\">\n\t\t\t\t\t\t\t<form class=\"elementor-form\" method=\"post\" name=\"palautelaatikko\" aria-label=\"palautelaatikko\" action=\"\">\n\t\t\t<input type=\"hidden\" name=\"post_id\" value=\"38\"\/>\n\t\t\t<input type=\"hidden\" name=\"form_id\" value=\"6afa6308\"\/>\n\t\t\t<input type=\"hidden\" name=\"referer_title\" value=\"J\u00e4t\u00e4 palaute\" \/>\n\n\t\t\t\t\t\t\t<input type=\"hidden\" name=\"queried_id\" value=\"38\"\/>\n\t\t\t\n\t\t\t<div class=\"elementor-form-fields-wrapper elementor-labels-above\">\n\t\t\t\t\t\t\t\t<div class=\"elementor-field-type-textarea elementor-field-group elementor-column elementor-field-group-field_4e91d59 elementor-col-100 elementor-field-required elementor-mark-required\">\n\t\t\t\t\t\t\t\t\t\t\t\t<label for=\"form-field-field_4e91d59\" class=\"elementor-field-label\">\n\t\t\t\t\t\t\t\tFeedback \/ thought\t\t\t\t\t\t\t<\/label>\n\t\t\t\t\t\t<textarea class=\"elementor-field-textual elementor-field  elementor-size-sm\" name=\"form_fields[field_4e91d59]\" id=\"form-field-field_4e91d59\" rows=\"6\" placeholder=\"Hi! I have one great idea ...\" required=\"required\"><\/textarea>\t\t\t\t<\/div>\n\t\t\t\t\t\t\t\t<div class=\"elementor-field-type-text elementor-field-group elementor-column elementor-field-group-field_2eeabc5 elementor-col-50\">\n\t\t\t\t\t\t\t\t\t\t\t\t<label for=\"form-field-field_2eeabc5\" class=\"elementor-field-label\">\n\t\t\t\t\t\t\t\tName\t\t\t\t\t\t\t<\/label>\n\t\t\t\t\t\t\t\t\t\t\t\t\t\t<input size=\"1\" type=\"text\" name=\"form_fields[field_2eeabc5]\" id=\"form-field-field_2eeabc5\" class=\"elementor-field elementor-size-sm  elementor-field-textual\" placeholder=\"Elina Esimerkki\">\n\t\t\t\t\t\t\t\t\t\t\t<\/div>\n\t\t\t\t\t\t\t\t<div class=\"elementor-field-type-email elementor-field-group elementor-column elementor-field-group-field_9b49fb0 elementor-col-50\">\n\t\t\t\t\t\t\t\t\t\t\t\t<label for=\"form-field-field_9b49fb0\" class=\"elementor-field-label\">\n\t\t\t\t\t\t\t\tEmail\t\t\t\t\t\t\t<\/label>\n\t\t\t\t\t\t\t\t\t\t\t\t\t\t<input size=\"1\" type=\"email\" name=\"form_fields[field_9b49fb0]\" id=\"form-field-field_9b49fb0\" class=\"elementor-field elementor-size-sm  elementor-field-textual\" placeholder=\"elina@thril.fi\">\n\t\t\t\t\t\t\t\t\t\t\t<\/div>\n\t\t\t\t\t\t\t\t<div class=\"elementor-field-type-text\">\n\t\t\t\t\t<input size=\"1\" type=\"text\" name=\"form_fields[field_39592c4]\" id=\"form-field-field_39592c4\" class=\"elementor-field elementor-size-sm\" style=\"display:none !important;\">\t\t\t\t<\/div>\n\t\t\t\t\t\t\t\t<div class=\"elementor-field-group elementor-column elementor-field-type-submit elementor-col-100 e-form__buttons\">\n\t\t\t\t\t<button class=\"elementor-button elementor-size-sm\" type=\"submit\">\n\t\t\t\t\t\t<span class=\"elementor-button-content-wrapper\">\n\t\t\t\t\t\t\t\t\t\t\t\t\t\t\t\t\t\t\t\t\t\t<span class=\"elementor-button-text\">Submit<\/span>\n\t\t\t\t\t\t\t\t\t\t\t\t\t<\/span>\n\t\t\t\t\t<\/button>\n\t\t\t\t<\/div>\n\t\t\t<\/div>\n\t\t<input type=\"hidden\" name=\"trp-form-language\" value=\"en\"\/><\/form>\n\t\t\t\t\t\t<\/div>\n\t\t\t\t<\/div>\n\t\t\t\t<\/div>\n\t\t\t\t<\/div>","protected":false},"excerpt":{"rendered":"<p>Palautelaatikko Onko sinulla idea joka kaipaisi kuulevia korvia? J\u00e4t\u00e4 vapaamuotoinen pohdinta\/palaute alla olevalla lomakkeella tai Thrilin WhatsApp-yhteis\u00f6ss\u00e4! Liity WhatsApp-yhteis\u00f6\u00f6n<\/p>","protected":false},"author":2,"featured_media":0,"parent":0,"menu_order":0,"comment_status":"closed","ping_status":"closed","template":"elementor_header_footer","meta":{"_seopress_robots_primary_cat":"","_seopress_titles_title":"%%sitetitle%% %%sep%% %%post_title%%","_seopress_titles_desc":"Anna palautteesi ja auta Thrili\u00e4 kehitt\u00e4m\u00e4\u00e4n liikuntakokemustasi \u2013 yksitt\u00e4iset & vakiovuorot, pelikaverit ja lajikokeilut yhdess\u00e4 paikassa.","_seopress_robots_index":"","footnotes":""},"class_list":["post-38","page","type-page","status-publish","hentry"],"_links":{"self":[{"href":"https:\/\/thril.fi\/en\/wp-json\/wp\/v2\/pages\/38","targetHints":{"allow":["GET"]}}],"collection":[{"href":"https:\/\/thril.fi\/en\/wp-json\/wp\/v2\/pages"}],"about":[{"href":"https:\/\/thril.fi\/en\/wp-json\/wp\/v2\/types\/page"}],"author":[{"embeddable":true,"href":"https:\/\/thril.fi\/en\/wp-json\/wp\/v2\/users\/2"}],"replies":[{"embeddable":true,"href":"https:\/\/thril.fi\/en\/wp-json\/wp\/v2\/comments?post=38"}],"version-history":[{"count":1,"href":"https:\/\/thril.fi\/en\/wp-json\/wp\/v2\/pages\/38\/revisions"}],"predecessor-version":[{"id":7380,"href":"https:\/\/thril.fi\/en\/wp-json\/wp\/v2\/pages\/38\/revisions\/7380"}],"wp:attachment":[{"href":"https:\/\/thril.fi\/en\/wp-json\/wp\/v2\/media?parent=38"}],"curies":[{"name":"wp","href":"https:\/\/api.w.org\/{rel}","templated":true}]}}