{"id":44,"date":"2024-11-05T19:54:58","date_gmt":"2024-11-05T19:54:58","guid":{"rendered":"https:\/\/homepage.dev.thril.fi\/liity-odotuslistalle\/"},"modified":"2025-11-25T15:17:12","modified_gmt":"2025-11-25T15:17:12","slug":"newsletter","status":"publish","type":"page","link":"https:\/\/thril.fi\/en\/newsletter\/","title":{"rendered":"Subscribe to newsletter"},"content":{"rendered":"<div data-elementor-type=\"wp-page\" data-elementor-id=\"44\" class=\"elementor elementor-44\" data-elementor-post-type=\"page\">\n\t\t\t\t<div class=\"elementor-element elementor-element-26b1e499 e-con-full e-flex e-con e-parent\" data-id=\"26b1e499\" data-element_type=\"container\">\n\t\t\t\t<div class=\"elementor-element elementor-element-352206e4 elementor-widget elementor-widget-heading\" data-id=\"352206e4\" data-element_type=\"widget\" data-widget_type=\"heading.default\">\n\t\t\t\t<div class=\"elementor-widget-container\">\n\t\t\t\t\t<h2 class=\"elementor-heading-title elementor-size-default\">Subscribe to the newsletter<\/h2>\t\t\t\t<\/div>\n\t\t\t\t<\/div>\n\t\t\t\t<div class=\"elementor-element elementor-element-684012a7 elementor-widget elementor-widget-text-editor\" data-id=\"684012a7\" data-element_type=\"widget\" data-widget_type=\"text-editor.default\">\n\t\t\t\t<div class=\"elementor-widget-container\">\n\t\t\t\t\t\t\t\t\t<p>Join by filling out the form below<\/p>\t\t\t\t\t\t\t\t<\/div>\n\t\t\t\t<\/div>\n\t\t\t\t<\/div>\n\t\t<div class=\"elementor-element elementor-element-15dcf0f2 e-con-full e-flex e-con e-parent\" data-id=\"15dcf0f2\" data-element_type=\"container\">\n\t\t\t\t<div class=\"elementor-element elementor-element-340f7da2 elementor-button-align-stretch elementor-widget elementor-widget-form\" data-id=\"340f7da2\" data-element_type=\"widget\" id=\"join-form\" data-settings=\"{&quot;step_next_label&quot;:&quot;Seuraava&quot;,&quot;step_previous_label&quot;:&quot;Edellinen&quot;,&quot;step_icon_shape&quot;:&quot;rounded&quot;,&quot;button_width&quot;:&quot;100&quot;,&quot;step_type&quot;:&quot;number_text&quot;}\" data-widget_type=\"form.default\">\n\t\t\t\t<div class=\"elementor-widget-container\">\n\t\t\t\t\t\t\t<form class=\"elementor-form\" method=\"post\" name=\"odotuslista\" aria-label=\"odotuslista\" action=\"\">\n\t\t\t<input type=\"hidden\" name=\"post_id\" value=\"44\"\/>\n\t\t\t<input type=\"hidden\" name=\"form_id\" value=\"340f7da2\"\/>\n\t\t\t<input type=\"hidden\" name=\"referer_title\" value=\"Tilaa uutiskirje\" \/>\n\n\t\t\t\t\t\t\t<input type=\"hidden\" name=\"queried_id\" value=\"44\"\/>\n\t\t\t\n\t\t\t<div class=\"elementor-form-fields-wrapper elementor-labels-above\">\n\t\t\t\t\t\t\t\t<div class=\"elementor-field-type-step elementor-field-group elementor-column elementor-field-group-field_24190aa elementor-col-100\">\n\t\t\t\t\t\t\t<div class=\"e-field-step elementor-hidden\" data-label=\"Sin\u00e4\" data-previousbutton=\"\" data-nextbutton=\"Seuraava\" data-iconurl=\"\" data-iconlibrary=\"fas fa-star\" data-icon=\"&lt;svg class=&quot;e-font-icon-svg e-fas-star&quot; viewBox=&quot;0 0 576 512&quot; xmlns=&quot;http:\/\/www.w3.org\/2000\/svg&quot;&gt;&lt;path d=&quot;M259.3 17.8L194 150.2 47.9 171.5c-26.2 3.8-36.7 36.1-17.7 54.6l105.7 103-25 145.5c-4.5 26.3 23.2 46 46.4 33.7L288 439.6l130.7 68.7c23.2 12.2 50.9-7.4 46.4-33.7l-25-145.5 105.7-103c19-18.5 8.5-50.8-17.7-54.6L382 150.2 316.7 17.8c-11.7-23.6-45.6-23.9-57.4 0z&quot;&gt;&lt;\/path&gt;&lt;\/svg&gt;\" ><\/div>\n\n\t\t\t\t\t\t<\/div>\n\t\t\t\t\t\t\t\t<div class=\"elementor-field-type-email elementor-field-group elementor-column elementor-field-group-email elementor-col-50 elementor-field-required elementor-mark-required\">\n\t\t\t\t\t\t\t\t\t\t\t\t<label for=\"form-field-email\" class=\"elementor-field-label\">\n\t\t\t\t\t\t\t\tEmail\t\t\t\t\t\t\t<\/label>\n\t\t\t\t\t\t\t\t\t\t\t\t\t\t<input size=\"1\" type=\"email\" name=\"form_fields[email]\" id=\"form-field-email\" class=\"elementor-field elementor-size-sm  elementor-field-textual\" placeholder=\"matti@thril.fi\" required=\"required\">\n\t\t\t\t\t\t\t\t\t\t\t<\/div>\n\t\t\t\t\t\t\t\t<div class=\"elementor-field-type-tel elementor-field-group elementor-column elementor-field-group-field_c682e09 elementor-col-50\">\n\t\t\t\t\t\t\t\t\t\t\t\t<label for=\"form-field-field_c682e09\" class=\"elementor-field-label\">\n\t\t\t\t\t\t\t\tPhone number\t\t\t\t\t\t\t<\/label>\n\t\t\t\t\t\t\t\t<input size=\"1\" type=\"tel\" name=\"form_fields[field_c682e09]\" id=\"form-field-field_c682e09\" class=\"elementor-field elementor-size-sm  elementor-field-textual\" placeholder=\"044 123 4567\" pattern=\"[0-9()#&amp;+*-=.]+\" title=\"Only numbers and phone characters (#, -, *, etc) are accepted.\" data-no-translation-title=\"\">\n\n\t\t\t\t\t\t<\/div>\n\t\t\t\t\t\t\t\t<div class=\"elementor-field-type-text elementor-field-group elementor-column elementor-field-group-name elementor-col-50 elementor-field-required elementor-mark-required\">\n\t\t\t\t\t\t\t\t\t\t\t\t<label for=\"form-field-name\" class=\"elementor-field-label\">\n\t\t\t\t\t\t\t\tFirst name\t\t\t\t\t\t\t<\/label>\n\t\t\t\t\t\t\t\t\t\t\t\t\t\t<input size=\"1\" type=\"text\" name=\"form_fields[name]\" id=\"form-field-name\" class=\"elementor-field elementor-size-sm  elementor-field-textual\" placeholder=\"Matti\" required=\"required\">\n\t\t\t\t\t\t\t\t\t\t\t<\/div>\n\t\t\t\t\t\t\t\t<div class=\"elementor-field-type-text elementor-field-group elementor-column elementor-field-group-field_66a1bc8 elementor-col-50 elementor-field-required elementor-mark-required\">\n\t\t\t\t\t\t\t\t\t\t\t\t<label for=\"form-field-field_66a1bc8\" class=\"elementor-field-label\">\n\t\t\t\t\t\t\t\tLast name\t\t\t\t\t\t\t<\/label>\n\t\t\t\t\t\t\t\t\t\t\t\t\t\t<input size=\"1\" type=\"text\" name=\"form_fields[field_66a1bc8]\" id=\"form-field-field_66a1bc8\" class=\"elementor-field elementor-size-sm  elementor-field-textual\" placeholder=\"Meik\u00e4l\u00e4inen\" required=\"required\">\n\t\t\t\t\t\t\t\t\t\t\t<\/div>\n\t\t\t\t\t\t\t\t<div class=\"elementor-field-type-step elementor-field-group elementor-column elementor-field-group-field_68a21d9 elementor-col-100\">\n\t\t\t\t\t\t\t<div class=\"e-field-step elementor-hidden\" data-label=\"Yrityksesi\" data-previousbutton=\"Edellinen\" data-nextbutton=\"Seuraava\" data-iconurl=\"\" data-iconlibrary=\"fas fa-star\" data-icon=\"&lt;svg class=&quot;e-font-icon-svg e-fas-star&quot; viewBox=&quot;0 0 576 512&quot; xmlns=&quot;http:\/\/www.w3.org\/2000\/svg&quot;&gt;&lt;path d=&quot;M259.3 17.8L194 150.2 47.9 171.5c-26.2 3.8-36.7 36.1-17.7 54.6l105.7 103-25 145.5c-4.5 26.3 23.2 46 46.4 33.7L288 439.6l130.7 68.7c23.2 12.2 50.9-7.4 46.4-33.7l-25-145.5 105.7-103c19-18.5 8.5-50.8-17.7-54.6L382 150.2 316.7 17.8c-11.7-23.6-45.6-23.9-57.4 0z&quot;&gt;&lt;\/path&gt;&lt;\/svg&gt;\" ><\/div>\n\n\t\t\t\t\t\t<\/div>\n\t\t\t\t\t\t\t\t<div class=\"elementor-field-type-html elementor-field-group elementor-column elementor-field-group-field_7d4099a elementor-col-100\">\n\t\t\t\t\t<br><p>Fill in the details below if you are interested in Thril's B2B offerings<\/p>\t\t\t\t<\/div>\n\t\t\t\t\t\t\t\t<div class=\"elementor-field-type-text elementor-field-group elementor-column elementor-field-group-field_1676360 elementor-col-50\">\n\t\t\t\t\t\t\t\t\t\t\t\t<label for=\"form-field-field_1676360\" class=\"elementor-field-label\">\n\t\t\t\t\t\t\t\tCompany name\t\t\t\t\t\t\t<\/label>\n\t\t\t\t\t\t\t\t\t\t\t\t\t\t<input size=\"1\" type=\"text\" name=\"form_fields[field_1676360]\" id=\"form-field-field_1676360\" class=\"elementor-field elementor-size-sm  elementor-field-textual\" placeholder=\"Matin Urheiluhalli\">\n\t\t\t\t\t\t\t\t\t\t\t<\/div>\n\t\t\t\t\t\t\t\t<div class=\"elementor-field-type-text elementor-field-group elementor-column elementor-field-group-field_8532356 elementor-col-50\">\n\t\t\t\t\t\t\t\t\t\t\t\t<label for=\"form-field-field_8532356\" class=\"elementor-field-label\">\n\t\t\t\t\t\t\t\tVAT ID\t\t\t\t\t\t\t<\/label>\n\t\t\t\t\t\t\t\t\t\t\t\t\t\t<input size=\"1\" type=\"text\" name=\"form_fields[field_8532356]\" id=\"form-field-field_8532356\" class=\"elementor-field elementor-size-sm  elementor-field-textual\" placeholder=\"123456-7\">\n\t\t\t\t\t\t\t\t\t\t\t<\/div>\n\t\t\t\t\t\t\t\t<div class=\"elementor-field-type-select elementor-field-group elementor-column elementor-field-group-field_84007e4 elementor-col-100\">\n\t\t\t\t\t\t\t\t\t\t\t\t<label for=\"form-field-field_84007e4\" class=\"elementor-field-label\">\n\t\t\t\t\t\t\t\tCity\t\t\t\t\t\t\t<\/label>\n\t\t\t\t\t\t\t\t<div class=\"elementor-field elementor-select-wrapper remove-before\">\n\t\t\t<div class=\"select-caret-down-wrapper\">\n\t\t\t\t<svg aria-hidden=\"true\" class=\"e-font-icon-svg e-eicon-caret-down\" viewbox=\"0 0 571.4 571.4\" xmlns=\"http:\/\/www.w3.org\/2000\/svg\"><path d=\"M571 393Q571 407 561 418L311 668Q300 679 286 679T261 668L11 418Q0 407 0 393T11 368 36 357H536Q550 357 561 368T571 393Z\"><\/path><\/svg>\t\t\t<\/div>\n\t\t\t<select name=\"form_fields[field_84007e4]\" id=\"form-field-field_84007e4\" class=\"elementor-field-textual elementor-size-sm\">\n\t\t\t\t\t\t\t\t\t<option value=\"Akaa\">Akaa<\/option>\n\t\t\t\t\t\t\t\t\t<option value=\"Alaj\u00e4rvi\">Alaj\u00e4rvi<\/option>\n\t\t\t\t\t\t\t\t\t<option value=\"Alavus\">Alavus<\/option>\n\t\t\t\t\t\t\t\t\t<option value=\"Espoo\">Espoo<\/option>\n\t\t\t\t\t\t\t\t\t<option value=\"Forssa\">Forssa<\/option>\n\t\t\t\t\t\t\t\t\t<option value=\"Haapaj\u00e4rvi\">Haapaj\u00e4rvi<\/option>\n\t\t\t\t\t\t\t\t\t<option value=\"Haapavesi\">Haapavesi<\/option>\n\t\t\t\t\t\t\t\t\t<option value=\"Hamina\">Hamina<\/option>\n\t\t\t\t\t\t\t\t\t<option value=\"Hanko\">Hanko<\/option>\n\t\t\t\t\t\t\t\t\t<option value=\"Harjavalta\">Harjavalta<\/option>\n\t\t\t\t\t\t\t\t\t<option value=\"Heinola\">Heinola<\/option>\n\t\t\t\t\t\t\t\t\t<option value=\"Helsinki\">Helsinki<\/option>\n\t\t\t\t\t\t\t\t\t<option value=\"Huittinen\">Huittinen<\/option>\n\t\t\t\t\t\t\t\t\t<option value=\"Hyvink\u00e4\u00e4\">Hyvink\u00e4\u00e4<\/option>\n\t\t\t\t\t\t\t\t\t<option value=\"H\u00e4meenlinna\">H\u00e4meenlinna<\/option>\n\t\t\t\t\t\t\t\t\t<option value=\"Iisalmi\">Iisalmi<\/option>\n\t\t\t\t\t\t\t\t\t<option value=\"Ikaalinen\">Ikaalinen<\/option>\n\t\t\t\t\t\t\t\t\t<option value=\"Imatra\">Imatra<\/option>\n\t\t\t\t\t\t\t\t\t<option value=\"Joensuu\">Joensuu<\/option>\n\t\t\t\t\t\t\t\t\t<option value=\"Jyv\u00e4skyl\u00e4\">Jyv\u00e4skyl\u00e4<\/option>\n\t\t\t\t\t\t\t\t\t<option value=\"J\u00e4ms\u00e4\">J\u00e4ms\u00e4<\/option>\n\t\t\t\t\t\t\t\t\t<option value=\"J\u00e4rvenp\u00e4\u00e4\">J\u00e4rvenp\u00e4\u00e4<\/option>\n\t\t\t\t\t\t\t\t\t<option value=\"Kaarina\">Kaarina<\/option>\n\t\t\t\t\t\t\t\t\t<option value=\"Kajaani\">Kajaani<\/option>\n\t\t\t\t\t\t\t\t\t<option value=\"Kalajoki\">Kalajoki<\/option>\n\t\t\t\t\t\t\t\t\t<option value=\"Kangasala\">Kangasala<\/option>\n\t\t\t\t\t\t\t\t\t<option value=\"Kankaanp\u00e4\u00e4\">Kankaanp\u00e4\u00e4<\/option>\n\t\t\t\t\t\t\t\t\t<option value=\"Kannus\">Kannus<\/option>\n\t\t\t\t\t\t\t\t\t<option value=\"Karkkila\">Karkkila<\/option>\n\t\t\t\t\t\t\t\t\t<option value=\"Kaskinen\">Kaskinen<\/option>\n\t\t\t\t\t\t\t\t\t<option value=\"Kauhajoki\">Kauhajoki<\/option>\n\t\t\t\t\t\t\t\t\t<option value=\"Kauhava\">Kauhava<\/option>\n\t\t\t\t\t\t\t\t\t<option value=\"Kauniainen\">Kauniainen<\/option>\n\t\t\t\t\t\t\t\t\t<option value=\"Kemi\">Kemi<\/option>\n\t\t\t\t\t\t\t\t\t<option value=\"Kemij\u00e4rvi\">Kemij\u00e4rvi<\/option>\n\t\t\t\t\t\t\t\t\t<option value=\"Kerava\">Kerava<\/option>\n\t\t\t\t\t\t\t\t\t<option value=\"Keuruu\">Keuruu<\/option>\n\t\t\t\t\t\t\t\t\t<option value=\"Kitee\">Kitee<\/option>\n\t\t\t\t\t\t\t\t\t<option value=\"Kiuruvesi\">Kiuruvesi<\/option>\n\t\t\t\t\t\t\t\t\t<option value=\"Kokem\u00e4ki\">Kokem\u00e4ki<\/option>\n\t\t\t\t\t\t\t\t\t<option value=\"Kokkola\">Kokkola<\/option>\n\t\t\t\t\t\t\t\t\t<option value=\"Kotka\">Kotka<\/option>\n\t\t\t\t\t\t\t\t\t<option value=\"Kouvola\">Kouvola<\/option>\n\t\t\t\t\t\t\t\t\t<option value=\"Kristiinankaupunki\">Kristiinankaupunki<\/option>\n\t\t\t\t\t\t\t\t\t<option value=\"Kuhmo\">Kuhmo<\/option>\n\t\t\t\t\t\t\t\t\t<option value=\"Kuopio\">Kuopio<\/option>\n\t\t\t\t\t\t\t\t\t<option value=\"Kurikka\">Kurikka<\/option>\n\t\t\t\t\t\t\t\t\t<option value=\"Kuusamo\">Kuusamo<\/option>\n\t\t\t\t\t\t\t\t\t<option value=\"Lahti\">Lahti<\/option>\n\t\t\t\t\t\t\t\t\t<option value=\"Laitila\">Laitila<\/option>\n\t\t\t\t\t\t\t\t\t<option value=\"Lappeenranta\">Lappeenranta<\/option>\n\t\t\t\t\t\t\t\t\t<option value=\"Lapua\">Lapua<\/option>\n\t\t\t\t\t\t\t\t\t<option value=\"Lieksa\">Lieksa<\/option>\n\t\t\t\t\t\t\t\t\t<option value=\"Lohja\">Lohja<\/option>\n\t\t\t\t\t\t\t\t\t<option value=\"Loimaa\">Loimaa<\/option>\n\t\t\t\t\t\t\t\t\t<option value=\"Loviisa\">Loviisa<\/option>\n\t\t\t\t\t\t\t\t\t<option value=\"Maarianhamina\">Maarianhamina<\/option>\n\t\t\t\t\t\t\t\t\t<option value=\"Mikkeli\">Mikkeli<\/option>\n\t\t\t\t\t\t\t\t\t<option value=\"M\u00e4ntt\u00e4-Vilppula\">M\u00e4ntt\u00e4-Vilppula<\/option>\n\t\t\t\t\t\t\t\t\t<option value=\"Naantali\">Naantali<\/option>\n\t\t\t\t\t\t\t\t\t<option value=\"Nivala\">Nivala<\/option>\n\t\t\t\t\t\t\t\t\t<option value=\"Nokia\">Nokia<\/option>\n\t\t\t\t\t\t\t\t\t<option value=\"Nurmes\">Nurmes<\/option>\n\t\t\t\t\t\t\t\t\t<option value=\"N\u00e4rpi\u00f6\">N\u00e4rpi\u00f6<\/option>\n\t\t\t\t\t\t\t\t\t<option value=\"Orimattila\">Orimattila<\/option>\n\t\t\t\t\t\t\t\t\t<option value=\"Orivesi\">Orivesi<\/option>\n\t\t\t\t\t\t\t\t\t<option value=\"Oulainen\">Oulainen<\/option>\n\t\t\t\t\t\t\t\t\t<option value=\"Oulu\">Oulu<\/option>\n\t\t\t\t\t\t\t\t\t<option value=\"Outokumpu\">Outokumpu<\/option>\n\t\t\t\t\t\t\t\t\t<option value=\"Paimio\">Paimio<\/option>\n\t\t\t\t\t\t\t\t\t<option value=\"Parainen\">Parainen<\/option>\n\t\t\t\t\t\t\t\t\t<option value=\"Parkano\">Parkano<\/option>\n\t\t\t\t\t\t\t\t\t<option value=\"Pieks\u00e4m\u00e4ki\">Pieks\u00e4m\u00e4ki<\/option>\n\t\t\t\t\t\t\t\t\t<option value=\"Pietarsaari\">Pietarsaari<\/option>\n\t\t\t\t\t\t\t\t\t<option value=\"Pori\">Pori<\/option>\n\t\t\t\t\t\t\t\t\t<option value=\"Porvoo\">Porvoo<\/option>\n\t\t\t\t\t\t\t\t\t<option value=\"Pudasj\u00e4rvi\">Pudasj\u00e4rvi<\/option>\n\t\t\t\t\t\t\t\t\t<option value=\"Pyh\u00e4j\u00e4rvi\">Pyh\u00e4j\u00e4rvi<\/option>\n\t\t\t\t\t\t\t\t\t<option value=\"Raahe\">Raahe<\/option>\n\t\t\t\t\t\t\t\t\t<option value=\"Raasepori\">Raasepori<\/option>\n\t\t\t\t\t\t\t\t\t<option value=\"Raisio\">Raisio<\/option>\n\t\t\t\t\t\t\t\t\t<option value=\"Rauma\">Rauma<\/option>\n\t\t\t\t\t\t\t\t\t<option value=\"Riihim\u00e4ki\">Riihim\u00e4ki<\/option>\n\t\t\t\t\t\t\t\t\t<option value=\"Rovaniemi\">Rovaniemi<\/option>\n\t\t\t\t\t\t\t\t\t<option value=\"Saarij\u00e4rvi\">Saarij\u00e4rvi<\/option>\n\t\t\t\t\t\t\t\t\t<option value=\"Salo\">Salo<\/option>\n\t\t\t\t\t\t\t\t\t<option value=\"Sastamala\">Sastamala<\/option>\n\t\t\t\t\t\t\t\t\t<option value=\"Savonlinna\">Savonlinna<\/option>\n\t\t\t\t\t\t\t\t\t<option value=\"Sein\u00e4joki\">Sein\u00e4joki<\/option>\n\t\t\t\t\t\t\t\t\t<option value=\"Somero\">Somero<\/option>\n\t\t\t\t\t\t\t\t\t<option value=\"Suonenjoki\">Suonenjoki<\/option>\n\t\t\t\t\t\t\t\t\t<option value=\"Tampere\">Tampere<\/option>\n\t\t\t\t\t\t\t\t\t<option value=\"Tornio\">Tornio<\/option>\n\t\t\t\t\t\t\t\t\t<option value=\"Turku\">Turku<\/option>\n\t\t\t\t\t\t\t\t\t<option value=\"Ulvila\">Ulvila<\/option>\n\t\t\t\t\t\t\t\t\t<option value=\"Uusikaarlepyy\">Uusikaarlepyy<\/option>\n\t\t\t\t\t\t\t\t\t<option value=\"Uusikaupunki\">Uusikaupunki<\/option>\n\t\t\t\t\t\t\t\t\t<option value=\"Vaasa\">Vaasa<\/option>\n\t\t\t\t\t\t\t\t\t<option value=\"Valkeakoski\">Valkeakoski<\/option>\n\t\t\t\t\t\t\t\t\t<option value=\"Vantaa\">Vantaa<\/option>\n\t\t\t\t\t\t\t\t\t<option value=\"Varkaus\">Varkaus<\/option>\n\t\t\t\t\t\t\t\t\t<option value=\"Viitasaari\">Viitasaari<\/option>\n\t\t\t\t\t\t\t\t\t<option value=\"Virrat\">Virrat<\/option>\n\t\t\t\t\t\t\t\t\t<option value=\"Ylivieska\">Ylivieska<\/option>\n\t\t\t\t\t\t\t\t\t<option value=\"Yl\u00f6j\u00e4rvi\">Yl\u00f6j\u00e4rvi<\/option>\n\t\t\t\t\t\t\t\t\t<option value=\"\u00c4ht\u00e4ri\">\u00c4ht\u00e4ri<\/option>\n\t\t\t\t\t\t\t\t\t<option value=\"\u00c4\u00e4nekoski\">\u00c4\u00e4nekoski<\/option>\n\t\t\t\t\t\t\t<\/select>\n\t\t<\/div>\n\t\t\t\t\t\t<\/div>\n\t\t\t\t\t\t\t\t<div class=\"elementor-field-type-step elementor-field-group elementor-column elementor-field-group-field_da1f346 elementor-col-100\">\n\t\t\t\t\t\t\t<div class=\"e-field-step elementor-hidden\" data-label=\"Liity\" data-previousbutton=\"Edellinen\" data-nextbutton=\"L\u00e4het\u00e4\" data-iconurl=\"\" data-iconlibrary=\"fas fa-star\" data-icon=\"&lt;svg class=&quot;e-font-icon-svg e-fas-star&quot; viewBox=&quot;0 0 576 512&quot; xmlns=&quot;http:\/\/www.w3.org\/2000\/svg&quot;&gt;&lt;path d=&quot;M259.3 17.8L194 150.2 47.9 171.5c-26.2 3.8-36.7 36.1-17.7 54.6l105.7 103-25 145.5c-4.5 26.3 23.2 46 46.4 33.7L288 439.6l130.7 68.7c23.2 12.2 50.9-7.4 46.4-33.7l-25-145.5 105.7-103c19-18.5 8.5-50.8-17.7-54.6L382 150.2 316.7 17.8c-11.7-23.6-45.6-23.9-57.4 0z&quot;&gt;&lt;\/path&gt;&lt;\/svg&gt;\" ><\/div>\n\n\t\t\t\t\t\t<\/div>\n\t\t\t\t\t\t\t\t<div class=\"elementor-field-type-textarea elementor-field-group elementor-column elementor-field-group-field_4e91d59 elementor-col-100\">\n\t\t\t\t\t\t\t\t\t\t\t\t<label for=\"form-field-field_4e91d59\" class=\"elementor-field-label\">\n\t\t\t\t\t\t\t\tYou can leave a message below if you wish\t\t\t\t\t\t\t<\/label>\n\t\t\t\t\t\t<textarea class=\"elementor-field-textual elementor-field  elementor-size-sm\" name=\"form_fields[field_4e91d59]\" id=\"form-field-field_4e91d59\" rows=\"3\" placeholder=\"Hello! I would like to hear more...\"><\/textarea>\t\t\t\t<\/div>\n\t\t\t\t\t\t\t\t<div class=\"elementor-field-type-text\">\n\t\t\t\t\t<input size=\"1\" type=\"text\" name=\"form_fields[field_c590f74]\" id=\"form-field-field_c590f74\" class=\"elementor-field elementor-size-sm\" style=\"display:none !important;\">\t\t\t\t<\/div>\n\t\t\t\t\t\t\t\t<div class=\"elementor-field-group elementor-column elementor-field-type-submit elementor-col-100 e-form__buttons\">\n\t\t\t\t\t<button class=\"elementor-button elementor-size-sm\" type=\"submit\">\n\t\t\t\t\t\t<span class=\"elementor-button-content-wrapper\">\n\t\t\t\t\t\t\t\t\t\t\t\t\t\t\t\t\t\t\t\t\t\t<span class=\"elementor-button-text\">Submit<\/span>\n\t\t\t\t\t\t\t\t\t\t\t\t\t<\/span>\n\t\t\t\t\t<\/button>\n\t\t\t\t<\/div>\n\t\t\t<\/div>\n\t\t<input type=\"hidden\" name=\"trp-form-language\" value=\"en\"\/><\/form>\n\t\t\t\t\t\t<\/div>\n\t\t\t\t<\/div>\n\t\t\t\t<\/div>\n\t\t\t\t<\/div>","protected":false},"excerpt":{"rendered":"<p>Tilaa uutiskirjeemme Liity listalle t\u00e4ytt\u00e4m\u00e4ll\u00e4 alla oleva lomake.<\/p>","protected":false},"author":2,"featured_media":0,"parent":0,"menu_order":0,"comment_status":"closed","ping_status":"closed","template":"elementor_header_footer","meta":{"_seopress_robots_primary_cat":"","_seopress_titles_title":"%%sitetitle%% %%sep%% %%post_title%%","_seopress_titles_desc":"Tilaa Thril-uutiskirje: uusimmat urheilutapahtumat, alustan p\u00e4ivitykset ja eksklusiiviset tarjoukset suoraan s\u00e4hk\u00f6postiisi.","_seopress_robots_index":"","footnotes":""},"class_list":["post-44","page","type-page","status-publish","hentry"],"_links":{"self":[{"href":"https:\/\/thril.fi\/en\/wp-json\/wp\/v2\/pages\/44","targetHints":{"allow":["GET"]}}],"collection":[{"href":"https:\/\/thril.fi\/en\/wp-json\/wp\/v2\/pages"}],"about":[{"href":"https:\/\/thril.fi\/en\/wp-json\/wp\/v2\/types\/page"}],"author":[{"embeddable":true,"href":"https:\/\/thril.fi\/en\/wp-json\/wp\/v2\/users\/2"}],"replies":[{"embeddable":true,"href":"https:\/\/thril.fi\/en\/wp-json\/wp\/v2\/comments?post=44"}],"version-history":[{"count":1,"href":"https:\/\/thril.fi\/en\/wp-json\/wp\/v2\/pages\/44\/revisions"}],"predecessor-version":[{"id":7384,"href":"https:\/\/thril.fi\/en\/wp-json\/wp\/v2\/pages\/44\/revisions\/7384"}],"wp:attachment":[{"href":"https:\/\/thril.fi\/en\/wp-json\/wp\/v2\/media?parent=44"}],"curies":[{"name":"wp","href":"https:\/\/api.w.org\/{rel}","templated":true}]}}